{"id":1303,"date":"2024-08-30T12:14:34","date_gmt":"2024-08-30T12:14:34","guid":{"rendered":"https:\/\/2.smart-tourism-project.eu\/?page_id=1303"},"modified":"2026-01-07T10:13:49","modified_gmt":"2026-01-07T10:13:49","slug":"resultats-du-projet","status":"publish","type":"page","link":"https:\/\/2.smart-tourism-project.eu\/fr\/resultats-du-projet","title":{"rendered":"R\u00e9sultats du projet"},"content":{"rendered":"\t\t<div data-elementor-type=\"wp-page\" data-elementor-id=\"1303\" class=\"elementor elementor-1303 elementor-114\" data-elementor-post-type=\"page\">\n\t\t\t\t<div class=\"elementor-element elementor-element-bf41198 e-con-full e-flex e-con e-parent\" data-id=\"bf41198\" data-element_type=\"container\" data-e-type=\"container\" data-settings=\"{&quot;background_background&quot;:&quot;classic&quot;,&quot;shape_divider_bottom&quot;:&quot;waves&quot;,&quot;shape_divider_bottom_negative&quot;:&quot;yes&quot;,&quot;jet_parallax_layout_list&quot;:[]}\">\n\t\t\t\t<div class=\"elementor-shape elementor-shape-bottom\" aria-hidden=\"true\" data-negative=\"true\">\n\t\t\t<svg xmlns=\"http:\/\/www.w3.org\/2000\/svg\" viewBox=\"0 0 1000 100\" preserveAspectRatio=\"none\">\n\t<path class=\"elementor-shape-fill\" d=\"M790.5,93.1c-59.3-5.3-116.8-18-192.6-50c-29.6-12.7-76.9-31-100.5-35.9c-23.6-4.9-52.6-7.8-75.5-5.3\n\tc-10.2,1.1-22.6,1.4-50.1,7.4c-27.2,6.3-58.2,16.6-79.4,24.7c-41.3,15.9-94.9,21.9-134,22.6C72,58.2,0,25.8,0,25.8V100h1000V65.3\n\tc0,0-51.5,19.4-106.2,25.7C839.5,97,814.1,95.2,790.5,93.1z\"\/>\n<\/svg>\t\t<\/div>\n\t\t\t\t<div class=\"elementor-element elementor-element-dd85464 elementor-widget elementor-widget-heading\" data-id=\"dd85464\" data-element_type=\"widget\" data-e-type=\"widget\" data-widget_type=\"heading.default\">\n\t\t\t\t<div class=\"elementor-widget-container\">\n\t\t\t\t\t<h2 class=\"elementor-heading-title elementor-size-default\">R\u00e9sultats du projet<\/h2>\t\t\t\t<\/div>\n\t\t\t\t<\/div>\n\t\t\t\t<div class=\"elementor-element elementor-element-a0a74e7 elementor-view-default elementor-widget elementor-widget-icon\" data-id=\"a0a74e7\" data-element_type=\"widget\" data-e-type=\"widget\" data-widget_type=\"icon.default\">\n\t\t\t\t<div class=\"elementor-widget-container\">\n\t\t\t\t\t\t\t<div class=\"elementor-icon-wrapper\">\n\t\t\t<div class=\"elementor-icon\">\n\t\t\t<i aria-hidden=\"true\" class=\"fas fa-plus\"><\/i>\t\t\t<\/div>\n\t\t<\/div>\n\t\t\t\t\t\t<\/div>\n\t\t\t\t<\/div>\n\t\t\t\t<div class=\"elementor-element elementor-element-279d16b elementor-view-default elementor-widget elementor-widget-icon\" data-id=\"279d16b\" data-element_type=\"widget\" data-e-type=\"widget\" data-widget_type=\"icon.default\">\n\t\t\t\t<div class=\"elementor-widget-container\">\n\t\t\t\t\t\t\t<div class=\"elementor-icon-wrapper\">\n\t\t\t<div class=\"elementor-icon\">\n\t\t\t<i aria-hidden=\"true\" class=\"far fa-circle\"><\/i>\t\t\t<\/div>\n\t\t<\/div>\n\t\t\t\t\t\t<\/div>\n\t\t\t\t<\/div>\n\t\t\t\t<\/div>\n\t\t<div class=\"elementor-element elementor-element-d08143d e-flex e-con-boxed e-con e-parent\" data-id=\"d08143d\" data-element_type=\"container\" data-e-type=\"container\" data-settings=\"{&quot;jet_parallax_layout_list&quot;:[]}\">\n\t\t\t\t\t<div class=\"e-con-inner\">\n\t\t<div class=\"elementor-element elementor-element-bdae5ce e-con-full e-flex e-con e-child\" data-id=\"bdae5ce\" data-element_type=\"container\" data-e-type=\"container\" data-settings=\"{&quot;jet_parallax_layout_list&quot;:[]}\">\n\t\t\t\t<div class=\"elementor-element elementor-element-0151fbd elementor-absolute elementor-view-default elementor-widget elementor-widget-icon\" data-id=\"0151fbd\" data-element_type=\"widget\" data-e-type=\"widget\" data-settings=\"{&quot;_position&quot;:&quot;absolute&quot;}\" data-widget_type=\"icon.default\">\n\t\t\t\t<div class=\"elementor-widget-container\">\n\t\t\t\t\t\t\t<div class=\"elementor-icon-wrapper\">\n\t\t\t<div class=\"elementor-icon\">\n\t\t\t<i aria-hidden=\"true\" class=\"fas fa-plus\"><\/i>\t\t\t<\/div>\n\t\t<\/div>\n\t\t\t\t\t\t<\/div>\n\t\t\t\t<\/div>\n\t\t\t\t<div class=\"elementor-element elementor-element-e2bc45b elementor-absolute elementor-view-default elementor-widget elementor-widget-icon\" data-id=\"e2bc45b\" data-element_type=\"widget\" data-e-type=\"widget\" data-settings=\"{&quot;_position&quot;:&quot;absolute&quot;}\" data-widget_type=\"icon.default\">\n\t\t\t\t<div class=\"elementor-widget-container\">\n\t\t\t\t\t\t\t<div class=\"elementor-icon-wrapper\">\n\t\t\t<div class=\"elementor-icon\">\n\t\t\t<i aria-hidden=\"true\" class=\"fas fa-plus\"><\/i>\t\t\t<\/div>\n\t\t<\/div>\n\t\t\t\t\t\t<\/div>\n\t\t\t\t<\/div>\n\t\t\t\t<div class=\"elementor-element elementor-element-e3deb6a eael-infobox-content-align--left caja1 bdt-backdrop-filter-yes eael-infobox-shape-radius eael-infobox-hover-img-shape-radius elementor-widget__width-initial bdt-filter-backdrop elementor-invisible elementor-widget elementor-widget-eael-info-box\" data-id=\"e3deb6a\" data-element_type=\"widget\" data-e-type=\"widget\" id=\"caja1\" data-settings=\"{&quot;_animation&quot;:&quot;fadeInLeft&quot;}\" data-widget_type=\"eael-info-box.default\">\n\t\t\t\t<div class=\"elementor-widget-container\">\n\t\t\t\t\t        <div class=\"eael-infobox icon-on-top\">\n\t            <div class=\"infobox-icon elementor-animation-shrink\">\n\n                            <img decoding=\"async\" src=\"https:\/\/2.smart-tourism-project.eu\/wp-content\/uploads\/2024\/08\/tourist-with-tablet-camera-navigating-scaled.jpg\" alt=\"\">\n            \n            \n            \n        <\/div>\n            <div class=\"infobox-content\">\n                    <div class=\"infobox-title-section\">\n                <h2 class=\"title\">Boite \u00e0 outils SMART Inclusive<\/h2>            <\/div>\n            <div><p>Une section con\u00e7ue pour \u00e9quiper les professionnels du tourisme d&rsquo;outils et de pratiques innovants afin de rendre leurs destinations plus durables socialement, plus inclusives et plus accessibles. Cette bo\u00eete \u00e0 outils comprendra des exemples de bonnes pratiques, des solutions num\u00e9riques et des \u00e9tudes de cas pour inspirer et guider les professionnels du secteur du tourisme.<\/p><\/div>        <div class=\"infobox-button\">\n            <a class=\"eael-infobox-button\" href=\"https:\/\/2.smart-tourism-project.eu\/fr\/resultats-du-projet\/inclusive-toolkit\">\n                                                <span class=\"infobox-button-text\">Voir plus<\/span>\n                                                            <i aria-hidden=\"true\" class=\"eael_infobox_button_icon_right fas fa-angle-right\"><\/i>                                                <\/a>\n        <\/div>\n            <\/div>\n            <\/div>\n\n\t\t\t\t\t\t<\/div>\n\t\t\t\t<\/div>\n\t\t\t\t<div class=\"elementor-element elementor-element-17094b7 eael-infobox-content-align--left bdt-backdrop-filter-yes eael-infobox-shape-radius eael-infobox-hover-img-shape-radius elementor-widget__width-initial bdt-filter-backdrop elementor-invisible elementor-widget elementor-widget-eael-info-box\" data-id=\"17094b7\" data-element_type=\"widget\" data-e-type=\"widget\" data-settings=\"{&quot;_animation&quot;:&quot;fadeInUp&quot;,&quot;_animation_delay&quot;:250}\" data-widget_type=\"eael-info-box.default\">\n\t\t\t\t<div class=\"elementor-widget-container\">\n\t\t\t\t\t        <div class=\"eael-infobox icon-on-top\">\n\t            <div class=\"infobox-icon elementor-animation-shrink\">\n\n                            <img decoding=\"async\" src=\"https:\/\/2.smart-tourism-project.eu\/wp-content\/uploads\/2024\/11\/stakeholders.jpg\" alt=\"\">\n            \n            \n            \n        <\/div>\n            <div class=\"infobox-content\">\n                    <div class=\"infobox-title-section\">\n                <h2 class=\"title\">Communaut\u00e9 de parties prenantes<\/h2>            <\/div>\n            <div><p>Un r\u00e9seau de professionnels du tourisme, de PME, d&rsquo;autorit\u00e9s publiques et d&rsquo;autres parties prenantes qui s&rsquo;engagent \u00e0 faire progresser les pratiques de tourisme inclusif et durable. Cette communaut\u00e9 servira de plateforme pour une collaboration continue et un partage de connaissances.<\/p><\/div>        <div class=\"infobox-button\">\n            <a class=\"eael-infobox-button\" href=\"https:\/\/2.smart-tourism-project.eu\/fr\/communaute\">\n                                                <span class=\"infobox-button-text\">Voir plus<\/span>\n                                                            <i aria-hidden=\"true\" class=\"eael_infobox_button_icon_right fas fa-angle-right\"><\/i>                                                <\/a>\n        <\/div>\n            <\/div>\n            <\/div>\n\n\t\t\t\t\t\t<\/div>\n\t\t\t\t<\/div>\n\t\t\t\t<\/div>\n\t\t<div class=\"elementor-element elementor-element-870e777 e-con-full e-flex e-con e-child\" data-id=\"870e777\" data-element_type=\"container\" data-e-type=\"container\" data-settings=\"{&quot;jet_parallax_layout_list&quot;:[]}\">\n\t\t\t\t<div class=\"elementor-element elementor-element-f698fa7 elementor-absolute elementor-view-default elementor-widget elementor-widget-icon\" data-id=\"f698fa7\" data-element_type=\"widget\" data-e-type=\"widget\" data-settings=\"{&quot;_position&quot;:&quot;absolute&quot;}\" data-widget_type=\"icon.default\">\n\t\t\t\t<div class=\"elementor-widget-container\">\n\t\t\t\t\t\t\t<div class=\"elementor-icon-wrapper\">\n\t\t\t<div class=\"elementor-icon\">\n\t\t\t<i aria-hidden=\"true\" class=\"far fa-circle\"><\/i>\t\t\t<\/div>\n\t\t<\/div>\n\t\t\t\t\t\t<\/div>\n\t\t\t\t<\/div>\n\t\t\t\t<div class=\"elementor-element elementor-element-917fb9c elementor-absolute elementor-view-default elementor-widget elementor-widget-icon\" data-id=\"917fb9c\" data-element_type=\"widget\" data-e-type=\"widget\" data-settings=\"{&quot;_position&quot;:&quot;absolute&quot;}\" data-widget_type=\"icon.default\">\n\t\t\t\t<div class=\"elementor-widget-container\">\n\t\t\t\t\t\t\t<div class=\"elementor-icon-wrapper\">\n\t\t\t<div class=\"elementor-icon\">\n\t\t\t<i aria-hidden=\"true\" class=\"fas fa-circle\"><\/i>\t\t\t<\/div>\n\t\t<\/div>\n\t\t\t\t\t\t<\/div>\n\t\t\t\t<\/div>\n\t\t\t\t<div class=\"elementor-element elementor-element-a6c9cf8 eael-infobox-content-align--left caja1 bdt-backdrop-filter-yes eael-infobox-shape-radius eael-infobox-hover-img-shape-radius elementor-widget__width-initial bdt-filter-backdrop elementor-invisible elementor-widget elementor-widget-eael-info-box\" data-id=\"a6c9cf8\" data-element_type=\"widget\" data-e-type=\"widget\" data-settings=\"{&quot;_animation&quot;:&quot;fadeInLeft&quot;}\" data-widget_type=\"eael-info-box.default\">\n\t\t\t\t<div class=\"elementor-widget-container\">\n\t\t\t\t\t        <div class=\"eael-infobox icon-on-top\">\n\t            <div class=\"infobox-icon elementor-animation-shrink\">\n\n                            <img decoding=\"async\" src=\"https:\/\/2.smart-tourism-project.eu\/wp-content\/uploads\/2024\/11\/smart-2-workshops-1.jpg\" alt=\"\">\n            \n            \n            \n        <\/div>\n            <div class=\"infobox-content\">\n                    <div class=\"infobox-title-section\">\n                <h2 class=\"title\">Ateliers et webinaires SMART<\/h2>            <\/div>\n            <div><p><span>Les activit\u00e9s de renforcement des comp\u00e9tences visent \u00e0 enseigner aux professionnels de l&rsquo;industrie du tourisme comment utiliser les outils num\u00e9riques en faveur de la durabilit\u00e9 sociale et environnementale, l&rsquo;inclusion et l&rsquo;accessibilit\u00e9. Ces \u00e9v\u00e9nements favoriseront l&rsquo;apprentissage entre pairs et l&rsquo;\u00e9change de bonnes pratiques dans l&rsquo;ensemble du secteur, en particulier dans les pays partenaires. <\/span><\/p><\/div>        <div class=\"infobox-button\">\n            <a class=\"eael-infobox-button\" href=\"https:\/\/2.smart-tourism-project.eu\/fr\/resultats-du-projet\/ateliers-et-webinaires-smart\">\n                                                <span class=\"infobox-button-text\">Voir plus<\/span>\n                                                            <i aria-hidden=\"true\" class=\"eael_infobox_button_icon_right fas fa-angle-right\"><\/i>                                                <\/a>\n        <\/div>\n            <\/div>\n            <\/div>\n\n\t\t\t\t\t\t<\/div>\n\t\t\t\t<\/div>\n\t\t\t\t<div class=\"elementor-element elementor-element-dfb54bd eael-infobox-content-align--left bdt-backdrop-filter-yes eael-infobox-shape-radius eael-infobox-hover-img-shape-radius elementor-widget__width-initial bdt-filter-backdrop elementor-invisible elementor-widget elementor-widget-eael-info-box\" data-id=\"dfb54bd\" data-element_type=\"widget\" data-e-type=\"widget\" data-settings=\"{&quot;_animation&quot;:&quot;fadeInUp&quot;,&quot;_animation_delay&quot;:250}\" data-widget_type=\"eael-info-box.default\">\n\t\t\t\t<div class=\"elementor-widget-container\">\n\t\t\t\t\t        <div class=\"eael-infobox icon-on-top\">\n\t            <div class=\"infobox-icon elementor-animation-shrink\">\n\n                            <img decoding=\"async\" src=\"https:\/\/2.smart-tourism-project.eu\/wp-content\/uploads\/2024\/11\/pexels-shvets-production-9052143-scaled.jpg\" alt=\"\">\n            \n            \n            \n        <\/div>\n            <div class=\"infobox-content\">\n                    <div class=\"infobox-title-section\">\n                <h2 class=\"title\">Guide pour un tourisme inclusif SMART<\/h2>            <\/div>\n            <div><p><span>Ce guide unique fournit des recommandations par \u00e9tapes aux entreprises et organisations touristiques pour mettre en \u0153uvre des pratiques durables, inclusives et num\u00e9riques. Ce guide aborde les d\u00e9fis auxquels le secteur est confront\u00e9 et propose des solutions pratiques pour s&rsquo;assurer que les destinations touristiques sont accueillantes et accessibles \u00e0 tous les voyageurs et qu&rsquo;elles r\u00e9pondent \u00e9galement aux besoins des r\u00e9sidents locaux.<\/span><\/p><\/div>        <div class=\"infobox-button\">\n            <a class=\"eael-infobox-button\" href=\"https:\/\/2.smart-tourism-project.eu\/wp-content\/uploads\/2025\/07\/French-version-SMART-GUIDE.pdf\" target=\"_blank\">\n                                                <span class=\"infobox-button-text\">Voir plus<\/span>\n                                                            <i aria-hidden=\"true\" class=\"eael_infobox_button_icon_right fas fa-angle-right\"><\/i>                                                <\/a>\n        <\/div>\n            <\/div>\n            <\/div>\n\n\t\t\t\t\t\t<\/div>\n\t\t\t\t<\/div>\n\t\t\t\t<\/div>\n\t\t\t\t\t<\/div>\n\t\t\t\t<\/div>\n\t\t<div class=\"elementor-element elementor-element-cc4a0ed e-con-full e-flex e-con e-child\" data-id=\"cc4a0ed\" data-element_type=\"container\" data-e-type=\"container\" data-settings=\"{&quot;jet_parallax_layout_list&quot;:[]}\">\n\t\t\t\t<div class=\"elementor-element elementor-element-6c21531 elementor-widget elementor-widget-image\" data-id=\"6c21531\" data-element_type=\"widget\" data-e-type=\"widget\" data-widget_type=\"image.default\">\n\t\t\t\t<div class=\"elementor-widget-container\">\n\t\t\t\t\t\t\t\t\t\t\t\t\t\t\t<img fetchpriority=\"high\" decoding=\"async\" width=\"1723\" height=\"1002\" src=\"https:\/\/2.smart-tourism-project.eu\/wp-content\/uploads\/2024\/08\/background-iconos.png\" class=\"attachment-full size-full wp-image-575\" alt=\"\" srcset=\"https:\/\/2.smart-tourism-project.eu\/wp-content\/uploads\/2024\/08\/background-iconos.png 1723w, https:\/\/2.smart-tourism-project.eu\/wp-content\/uploads\/2024\/08\/background-iconos-300x174.png 300w, https:\/\/2.smart-tourism-project.eu\/wp-content\/uploads\/2024\/08\/background-iconos-1024x596.png 1024w, https:\/\/2.smart-tourism-project.eu\/wp-content\/uploads\/2024\/08\/background-iconos-768x447.png 768w, https:\/\/2.smart-tourism-project.eu\/wp-content\/uploads\/2024\/08\/background-iconos-1536x893.png 1536w\" sizes=\"(max-width: 1723px) 100vw, 1723px\" \/>\t\t\t\t\t\t\t\t\t\t\t\t\t\t\t<\/div>\n\t\t\t\t<\/div>\n\t\t\t\t<div class=\"elementor-element elementor-element-5409d1e elementor-hidden-mobile elementor-widget elementor-widget-image\" data-id=\"5409d1e\" data-element_type=\"widget\" data-e-type=\"widget\" data-widget_type=\"image.default\">\n\t\t\t\t<div class=\"elementor-widget-container\">\n\t\t\t\t\t\t\t\t\t\t\t\t\t\t\t<img decoding=\"async\" src=\"https:\/\/2.smart-tourism-project.eu\/wp-content\/uploads\/2024\/08\/background-iconos.png\" title=\"\" alt=\"\" loading=\"lazy\" \/>\t\t\t\t\t\t\t\t\t\t\t\t\t\t\t<\/div>\n\t\t\t\t<\/div>\n\t\t\t\t<\/div>\n\t\t\t\t<\/div>\n\t\t","protected":false},"excerpt":{"rendered":"<p>R\u00e9sultats du projet Boite \u00e0 outils SMART Inclusive Une section con\u00e7ue pour \u00e9quiper les professionnels du tourisme d&#8217;outils et de pratiques innovants afin de rendre leurs destinations plus durables socialement, plus inclusives et plus accessibles. Cette bo\u00eete \u00e0 outils comprendra des exemples de bonnes pratiques, des solutions num\u00e9riques et des \u00e9tudes de cas pour inspirer [&hellip;]<\/p>\n","protected":false},"author":3,"featured_media":0,"parent":0,"menu_order":0,"comment_status":"closed","ping_status":"closed","template":"","meta":{"footnotes":""},"class_list":["post-1303","page","type-page","status-publish","hentry"],"_links":{"self":[{"href":"https:\/\/2.smart-tourism-project.eu\/fr\/wp-json\/wp\/v2\/pages\/1303","targetHints":{"allow":["GET"]}}],"collection":[{"href":"https:\/\/2.smart-tourism-project.eu\/fr\/wp-json\/wp\/v2\/pages"}],"about":[{"href":"https:\/\/2.smart-tourism-project.eu\/fr\/wp-json\/wp\/v2\/types\/page"}],"author":[{"embeddable":true,"href":"https:\/\/2.smart-tourism-project.eu\/fr\/wp-json\/wp\/v2\/users\/3"}],"replies":[{"embeddable":true,"href":"https:\/\/2.smart-tourism-project.eu\/fr\/wp-json\/wp\/v2\/comments?post=1303"}],"version-history":[{"count":22,"href":"https:\/\/2.smart-tourism-project.eu\/fr\/wp-json\/wp\/v2\/pages\/1303\/revisions"}],"predecessor-version":[{"id":2331,"href":"https:\/\/2.smart-tourism-project.eu\/fr\/wp-json\/wp\/v2\/pages\/1303\/revisions\/2331"}],"wp:attachment":[{"href":"https:\/\/2.smart-tourism-project.eu\/fr\/wp-json\/wp\/v2\/media?parent=1303"}],"curies":[{"name":"wp","href":"https:\/\/api.w.org\/{rel}","templated":true}]}}