{"id":1290,"date":"2024-08-30T12:05:00","date_gmt":"2024-08-30T12:05:00","guid":{"rendered":"https:\/\/2.smart-tourism-project.eu\/?page_id=1290"},"modified":"2025-02-20T10:36:23","modified_gmt":"2025-02-20T10:36:23","slug":"partenaires","status":"publish","type":"page","link":"https:\/\/2.smart-tourism-project.eu\/fr\/partenaires","title":{"rendered":"Partenaires"},"content":{"rendered":"\t\t<div data-elementor-type=\"wp-page\" data-elementor-id=\"1290\" class=\"elementor elementor-1290 elementor-106\" data-elementor-post-type=\"page\">\n\t\t\t\t<div class=\"elementor-element elementor-element-b311aa8 e-con-full e-flex e-con e-parent\" data-id=\"b311aa8\" data-element_type=\"container\" data-e-type=\"container\" data-settings=\"{&quot;background_background&quot;:&quot;classic&quot;,&quot;jet_parallax_layout_list&quot;:[]}\">\n\t\t<div class=\"elementor-element elementor-element-c14cf5a e-flex e-con-boxed e-con e-child\" data-id=\"c14cf5a\" data-element_type=\"container\" data-e-type=\"container\" data-settings=\"{&quot;jet_parallax_layout_list&quot;:[]}\">\n\t\t\t\t\t<div class=\"e-con-inner\">\n\t\t\t\t<div class=\"elementor-element elementor-element-ef08314 elementor-widget elementor-widget-heading\" data-id=\"ef08314\" data-element_type=\"widget\" data-e-type=\"widget\" data-widget_type=\"heading.default\">\n\t\t\t\t<div class=\"elementor-widget-container\">\n\t\t\t\t\t<h2 class=\"elementor-heading-title elementor-size-default\">Partenaires<\/h2>\t\t\t\t<\/div>\n\t\t\t\t<\/div>\n\t\t\t\t<div class=\"elementor-element elementor-element-3e95bb8 elementor-view-default elementor-widget elementor-widget-icon\" data-id=\"3e95bb8\" data-element_type=\"widget\" data-e-type=\"widget\" data-widget_type=\"icon.default\">\n\t\t\t\t<div class=\"elementor-widget-container\">\n\t\t\t\t\t\t\t<div class=\"elementor-icon-wrapper\">\n\t\t\t<div class=\"elementor-icon\">\n\t\t\t<i aria-hidden=\"true\" class=\"fas fa-plus\"><\/i>\t\t\t<\/div>\n\t\t<\/div>\n\t\t\t\t\t\t<\/div>\n\t\t\t\t<\/div>\n\t\t<div class=\"elementor-element elementor-element-d372ae1 e-con-full e-flex e-con e-child\" data-id=\"d372ae1\" data-element_type=\"container\" data-e-type=\"container\" data-settings=\"{&quot;background_background&quot;:&quot;classic&quot;,&quot;motion_fx_motion_fx_mouse&quot;:&quot;yes&quot;,&quot;sticky&quot;:&quot;top&quot;,&quot;sticky_offset&quot;:100,&quot;sticky_parent&quot;:&quot;yes&quot;,&quot;jet_parallax_layout_list&quot;:[],&quot;sticky_on&quot;:[&quot;desktop&quot;],&quot;sticky_effects_offset&quot;:0,&quot;sticky_anchor_link_offset&quot;:0}\">\n\t\t<div class=\"elementor-element elementor-element-66819f5 e-con-full e-flex e-con e-child\" data-id=\"66819f5\" data-element_type=\"container\" data-e-type=\"container\" data-settings=\"{&quot;jet_parallax_layout_list&quot;:[]}\">\n\t\t<div class=\"elementor-element elementor-element-54a550a e-con-full e-flex e-con e-child\" data-id=\"54a550a\" data-element_type=\"container\" data-e-type=\"container\" data-settings=\"{&quot;jet_parallax_layout_list&quot;:[]}\">\n\t\t\t\t<div class=\"elementor-element elementor-element-f3c98fe elementor-widget elementor-widget-image\" data-id=\"f3c98fe\" data-element_type=\"widget\" data-e-type=\"widget\" data-widget_type=\"image.default\">\n\t\t\t\t<div class=\"elementor-widget-container\">\n\t\t\t\t\t\t\t\t\t\t\t\t\t\t\t<img fetchpriority=\"high\" decoding=\"async\" width=\"800\" height=\"398\" src=\"https:\/\/2.smart-tourism-project.eu\/wp-content\/uploads\/2024\/08\/Eurakom_logo_line_col_highres_FA-1024x510.png\" class=\"attachment-large size-large wp-image-569\" alt=\"\" srcset=\"https:\/\/2.smart-tourism-project.eu\/wp-content\/uploads\/2024\/08\/Eurakom_logo_line_col_highres_FA-1024x510.png 1024w, https:\/\/2.smart-tourism-project.eu\/wp-content\/uploads\/2024\/08\/Eurakom_logo_line_col_highres_FA-300x150.png 300w, https:\/\/2.smart-tourism-project.eu\/wp-content\/uploads\/2024\/08\/Eurakom_logo_line_col_highres_FA-768x383.png 768w, https:\/\/2.smart-tourism-project.eu\/wp-content\/uploads\/2024\/08\/Eurakom_logo_line_col_highres_FA-1536x766.png 1536w, https:\/\/2.smart-tourism-project.eu\/wp-content\/uploads\/2024\/08\/Eurakom_logo_line_col_highres_FA.png 1589w\" sizes=\"(max-width: 800px) 100vw, 800px\" \/>\t\t\t\t\t\t\t\t\t\t\t\t\t\t\t<\/div>\n\t\t\t\t<\/div>\n\t\t\t\t<div class=\"elementor-element elementor-element-4106c1b elementor-grid-mobile-2 elementor-shape-rounded elementor-grid-0 e-grid-align-center elementor-widget elementor-widget-social-icons\" data-id=\"4106c1b\" data-element_type=\"widget\" data-e-type=\"widget\" data-widget_type=\"social-icons.default\">\n\t\t\t\t<div class=\"elementor-widget-container\">\n\t\t\t\t\t\t\t<div class=\"elementor-social-icons-wrapper elementor-grid\" role=\"list\">\n\t\t\t\t\t\t\t<span class=\"elementor-grid-item\" role=\"listitem\">\n\t\t\t\t\t<a class=\"elementor-icon elementor-social-icon elementor-social-icon-linkedin-in elementor-animation-grow elementor-repeater-item-650248f\" href=\"https:\/\/www.linkedin.com\/company\/eurakom\" target=\"_blank\">\n\t\t\t\t\t\t<span class=\"elementor-screen-only\">Linkedin-in<\/span>\n\t\t\t\t\t\t<i aria-hidden=\"true\" class=\"fab fa-linkedin-in\"><\/i>\t\t\t\t\t<\/a>\n\t\t\t\t<\/span>\n\t\t\t\t\t\t\t<span class=\"elementor-grid-item\" role=\"listitem\">\n\t\t\t\t\t<a class=\"elementor-icon elementor-social-icon elementor-social-icon-twitter elementor-animation-grow elementor-repeater-item-21b9e40\" href=\"https:\/\/x.com\/eurakom\" target=\"_blank\">\n\t\t\t\t\t\t<span class=\"elementor-screen-only\">Twitter<\/span>\n\t\t\t\t\t\t<i aria-hidden=\"true\" class=\"fab fa-twitter\"><\/i>\t\t\t\t\t<\/a>\n\t\t\t\t<\/span>\n\t\t\t\t\t\t\t<span class=\"elementor-grid-item\" role=\"listitem\">\n\t\t\t\t\t<a class=\"elementor-icon elementor-social-icon elementor-social-icon-instagram elementor-animation-grow elementor-repeater-item-d624cb2\" href=\"https:\/\/www.instagram.com\/eurakom\/\" target=\"_blank\">\n\t\t\t\t\t\t<span class=\"elementor-screen-only\">Instagram<\/span>\n\t\t\t\t\t\t<i aria-hidden=\"true\" class=\"fab fa-instagram\"><\/i>\t\t\t\t\t<\/a>\n\t\t\t\t<\/span>\n\t\t\t\t\t\t\t<span class=\"elementor-grid-item\" role=\"listitem\">\n\t\t\t\t\t<a class=\"elementor-icon elementor-social-icon elementor-social-icon-globe elementor-animation-grow elementor-repeater-item-e80448f\" href=\"https:\/\/www.eurakom.eu\/\" target=\"_blank\">\n\t\t\t\t\t\t<span class=\"elementor-screen-only\">Globe<\/span>\n\t\t\t\t\t\t<i aria-hidden=\"true\" class=\"fas fa-globe\"><\/i>\t\t\t\t\t<\/a>\n\t\t\t\t<\/span>\n\t\t\t\t\t<\/div>\n\t\t\t\t\t\t<\/div>\n\t\t\t\t<\/div>\n\t\t\t\t<\/div>\n\t\t<div class=\"elementor-element elementor-element-fab567e e-con-full e-flex e-con e-child\" data-id=\"fab567e\" data-element_type=\"container\" data-e-type=\"container\" data-settings=\"{&quot;jet_parallax_layout_list&quot;:[]}\">\n\t\t\t\t<div class=\"elementor-element elementor-element-039e38d elementor-widget elementor-widget-heading\" data-id=\"039e38d\" data-element_type=\"widget\" data-e-type=\"widget\" data-widget_type=\"heading.default\">\n\t\t\t\t<div class=\"elementor-widget-container\">\n\t\t\t\t\t<h2 class=\"elementor-heading-title elementor-size-default\">EURAKOM<\/h2>\t\t\t\t<\/div>\n\t\t\t\t<\/div>\n\t\t\t\t<div class=\"elementor-element elementor-element-4124555 elementor-widget elementor-widget-text-editor\" data-id=\"4124555\" data-element_type=\"widget\" data-e-type=\"widget\" data-widget_type=\"text-editor.default\">\n\t\t\t\t<div class=\"elementor-widget-container\">\n\t\t\t\t\t\t\t\t\t<p>EURAKOM travaille dans de nombreux secteurs avec un large \u00e9ventail d&rsquo;autorit\u00e9s publiques, d&rsquo;entreprises priv\u00e9es et d&rsquo;organisations, pour accompagner leurs projets et initiatives, du concept \u00e0 la mise en oeuvre, mais aussi en fournissant une expertise th\u00e9matique dans les domaines du tourisme durable et de l&rsquo;h\u00f4tellerie. Pour les projets et activit\u00e9s \u00e0 grande \u00e9chelle, EURAKOM travailler avec une approche intersectorielle ascendante afin de maximiser l&rsquo;impact et d&rsquo;assurer la r\u00e9ussite du projet. Nous sommes de passionn\u00e9s d\u00e9fenseurs de l&rsquo;int\u00e9gration de la durabilit\u00e9 dans les entreprises, en tant qu&rsquo;\u00e9l\u00e9ment central de l&rsquo;\u00e9ducation et de l&#8217;emploi. Nous conseillons et encadrons les entreprises en mati\u00e8re de durabilit\u00e9, d&rsquo;implication des parties prenantes et de communication durable avec diff\u00e9rents publics. Ces derni\u00e8res ann\u00e9es, EURAKOM a mis l&rsquo;accent sur la gestion durable des destinations et sur le tourisme en tant qu&rsquo;outil pour la r\u00e9g\u00e9n\u00e9ration locale et r\u00e9gionale.<\/p>\t\t\t\t\t\t\t\t<\/div>\n\t\t\t\t<\/div>\n\t\t\t\t<\/div>\n\t\t\t\t<\/div>\n\t\t\t\t<\/div>\n\t\t<div class=\"elementor-element elementor-element-6e4b857 e-con-full e-flex e-con e-child\" data-id=\"6e4b857\" data-element_type=\"container\" data-e-type=\"container\" data-settings=\"{&quot;background_background&quot;:&quot;classic&quot;,&quot;motion_fx_motion_fx_mouse&quot;:&quot;yes&quot;,&quot;sticky&quot;:&quot;top&quot;,&quot;sticky_offset&quot;:100,&quot;sticky_parent&quot;:&quot;yes&quot;,&quot;jet_parallax_layout_list&quot;:[],&quot;sticky_on&quot;:[&quot;desktop&quot;],&quot;sticky_effects_offset&quot;:0,&quot;sticky_anchor_link_offset&quot;:0}\">\n\t\t<div class=\"elementor-element elementor-element-b5b7b77 e-con-full e-flex e-con e-child\" data-id=\"b5b7b77\" data-element_type=\"container\" data-e-type=\"container\" data-settings=\"{&quot;jet_parallax_layout_list&quot;:[]}\">\n\t\t<div class=\"elementor-element elementor-element-911a4b0 e-con-full e-flex e-con e-child\" data-id=\"911a4b0\" data-element_type=\"container\" data-e-type=\"container\" data-settings=\"{&quot;jet_parallax_layout_list&quot;:[]}\">\n\t\t\t\t<div class=\"elementor-element elementor-element-206fad4 elementor-widget elementor-widget-heading\" data-id=\"206fad4\" data-element_type=\"widget\" data-e-type=\"widget\" data-widget_type=\"heading.default\">\n\t\t\t\t<div class=\"elementor-widget-container\">\n\t\t\t\t\t<h2 class=\"elementor-heading-title elementor-size-default\">DOMSPAIN<\/h2>\t\t\t\t<\/div>\n\t\t\t\t<\/div>\n\t\t\t\t<div class=\"elementor-element elementor-element-4eca05f elementor-widget elementor-widget-text-editor\" data-id=\"4eca05f\" data-element_type=\"widget\" data-e-type=\"widget\" data-widget_type=\"text-editor.default\">\n\t\t\t\t<div class=\"elementor-widget-container\">\n\t\t\t\t\t\t\t\t\t<p>DomSpain est une soci\u00e9t\u00e9 de formation et de conseil op\u00e9rant au niveau national et international.<\/p><p>Elle offre une vari\u00e9t\u00e9 de services aux secteurs public et priv\u00e9 de l&rsquo;Espagne et participe activement \u00e0 des programmes internationaux gr\u00e2ce \u00e0 un r\u00e9seau solide de partenaires \u00e9trangers. DomSpain est engag\u00e9 dans le Pacte Europ\u00e9en pour les comp\u00e9tences. Dans le secteur de l&rsquo;EFP, le d\u00e9partement de Formation de DomSpain se concentre sur les TIC, les langues \u00e9trang\u00e8res, l&#8217;employabilit\u00e9 et l&rsquo;apprentissage par le travail. Dans le domaine du tourisme, DomSpain a d\u00e9velopp\u00e9, avec des partenaires de 8 pays de l&rsquo;UE, un projet COSME \u00ab\u00a0Visits4U\u00a0\u00bb (699484), visant \u00e0 fournir une formation au tourisme inclusif et \u00e0 promouvoir le renforcement des comp\u00e9tences afin d&rsquo;am\u00e9liorer l&rsquo;exp\u00e9rience des visiteurs gr\u00e2ce au d\u00e9veloppement de mat\u00e9riel facile \u00e0 lire et de vid\u00e9os en langue des signes : <a href=\"http:\/\/www.visits4u.eu\">www.visits4u.eu<\/a>.<\/p><p>Actuellement, DomSpain participe au projet Erasmus+ Guide Me Green, qui se concentre sur le d\u00e9veloppement d&rsquo;exp\u00e9riences touristiques immersives.<\/p><p>De plus, DomSpain organise constamment des campagnes de sensibilisation \u00e0 l&rsquo;importance du patrimoine culturel, et \u00e0 la n\u00e9cessit\u00e9 de le rendre accessible et inclusif pour tous.<\/p>\t\t\t\t\t\t\t\t<\/div>\n\t\t\t\t<\/div>\n\t\t\t\t<\/div>\n\t\t<div class=\"elementor-element elementor-element-5676c8d e-con-full e-flex e-con e-child\" data-id=\"5676c8d\" data-element_type=\"container\" data-e-type=\"container\" data-settings=\"{&quot;jet_parallax_layout_list&quot;:[]}\">\n\t\t\t\t<div class=\"elementor-element elementor-element-048d17c elementor-widget elementor-widget-image\" data-id=\"048d17c\" data-element_type=\"widget\" data-e-type=\"widget\" data-widget_type=\"image.default\">\n\t\t\t\t<div class=\"elementor-widget-container\">\n\t\t\t\t\t\t\t\t\t\t\t\t\t\t\t<img decoding=\"async\" width=\"738\" height=\"738\" src=\"https:\/\/2.smart-tourism-project.eu\/wp-content\/uploads\/2024\/09\/domspain-1.png\" class=\"attachment-full size-full wp-image-590\" alt=\"\" srcset=\"https:\/\/2.smart-tourism-project.eu\/wp-content\/uploads\/2024\/09\/domspain-1.png 738w, https:\/\/2.smart-tourism-project.eu\/wp-content\/uploads\/2024\/09\/domspain-1-300x300.png 300w, https:\/\/2.smart-tourism-project.eu\/wp-content\/uploads\/2024\/09\/domspain-1-150x150.png 150w\" sizes=\"(max-width: 738px) 100vw, 738px\" \/>\t\t\t\t\t\t\t\t\t\t\t\t\t\t\t<\/div>\n\t\t\t\t<\/div>\n\t\t\t\t<div class=\"elementor-element elementor-element-15e03a8 elementor-shape-rounded elementor-grid-0 e-grid-align-center elementor-widget elementor-widget-social-icons\" data-id=\"15e03a8\" data-element_type=\"widget\" data-e-type=\"widget\" data-widget_type=\"social-icons.default\">\n\t\t\t\t<div class=\"elementor-widget-container\">\n\t\t\t\t\t\t\t<div class=\"elementor-social-icons-wrapper elementor-grid\" role=\"list\">\n\t\t\t\t\t\t\t<span class=\"elementor-grid-item\" role=\"listitem\">\n\t\t\t\t\t<a class=\"elementor-icon elementor-social-icon elementor-social-icon-facebook-f elementor-animation-grow elementor-repeater-item-650248f\" href=\"https:\/\/www.facebook.com\/DomSpainReus\/\" target=\"_blank\">\n\t\t\t\t\t\t<span class=\"elementor-screen-only\">Facebook-f<\/span>\n\t\t\t\t\t\t<i aria-hidden=\"true\" class=\"fab fa-facebook-f\"><\/i>\t\t\t\t\t<\/a>\n\t\t\t\t<\/span>\n\t\t\t\t\t\t\t<span class=\"elementor-grid-item\" role=\"listitem\">\n\t\t\t\t\t<a class=\"elementor-icon elementor-social-icon elementor-social-icon-linkedin-in elementor-animation-grow elementor-repeater-item-f77067b\" href=\"https:\/\/www.linkedin.com\/company\/domspain\/\" target=\"_blank\">\n\t\t\t\t\t\t<span class=\"elementor-screen-only\">Linkedin-in<\/span>\n\t\t\t\t\t\t<i aria-hidden=\"true\" class=\"fab fa-linkedin-in\"><\/i>\t\t\t\t\t<\/a>\n\t\t\t\t<\/span>\n\t\t\t\t\t\t\t<span class=\"elementor-grid-item\" role=\"listitem\">\n\t\t\t\t\t<a class=\"elementor-icon elementor-social-icon elementor-social-icon-twitter elementor-animation-grow elementor-repeater-item-21b9e40\" href=\"https:\/\/twitter.com\/DomSpainReus\" target=\"_blank\">\n\t\t\t\t\t\t<span class=\"elementor-screen-only\">Twitter<\/span>\n\t\t\t\t\t\t<i aria-hidden=\"true\" class=\"fab fa-twitter\"><\/i>\t\t\t\t\t<\/a>\n\t\t\t\t<\/span>\n\t\t\t\t\t\t\t<span class=\"elementor-grid-item\" role=\"listitem\">\n\t\t\t\t\t<a class=\"elementor-icon elementor-social-icon elementor-social-icon-instagram elementor-animation-grow elementor-repeater-item-d624cb2\" href=\"https:\/\/www.instagram.com\/domspaineu\/\" target=\"_blank\">\n\t\t\t\t\t\t<span class=\"elementor-screen-only\">Instagram<\/span>\n\t\t\t\t\t\t<i aria-hidden=\"true\" class=\"fab fa-instagram\"><\/i>\t\t\t\t\t<\/a>\n\t\t\t\t<\/span>\n\t\t\t\t\t\t\t<span class=\"elementor-grid-item\" role=\"listitem\">\n\t\t\t\t\t<a class=\"elementor-icon elementor-social-icon elementor-social-icon-globe elementor-animation-grow elementor-repeater-item-e80448f\" href=\"http:\/\/www.domspain.eu\/\" target=\"_blank\">\n\t\t\t\t\t\t<span class=\"elementor-screen-only\">Globe<\/span>\n\t\t\t\t\t\t<i aria-hidden=\"true\" class=\"fas fa-globe\"><\/i>\t\t\t\t\t<\/a>\n\t\t\t\t<\/span>\n\t\t\t\t\t<\/div>\n\t\t\t\t\t\t<\/div>\n\t\t\t\t<\/div>\n\t\t\t\t<\/div>\n\t\t\t\t<\/div>\n\t\t\t\t<\/div>\n\t\t<div class=\"elementor-element elementor-element-8a8b943 e-con-full e-flex e-con e-child\" data-id=\"8a8b943\" data-element_type=\"container\" data-e-type=\"container\" data-settings=\"{&quot;background_background&quot;:&quot;classic&quot;,&quot;motion_fx_motion_fx_mouse&quot;:&quot;yes&quot;,&quot;sticky&quot;:&quot;top&quot;,&quot;sticky_offset&quot;:100,&quot;sticky_parent&quot;:&quot;yes&quot;,&quot;jet_parallax_layout_list&quot;:[],&quot;sticky_on&quot;:[&quot;desktop&quot;,&quot;tablet&quot;,&quot;mobile&quot;],&quot;sticky_effects_offset&quot;:0,&quot;sticky_anchor_link_offset&quot;:0}\">\n\t\t<div class=\"elementor-element elementor-element-0a8485e e-con-full e-flex e-con e-child\" data-id=\"0a8485e\" data-element_type=\"container\" data-e-type=\"container\" data-settings=\"{&quot;jet_parallax_layout_list&quot;:[]}\">\n\t\t<div class=\"elementor-element elementor-element-e272b2c e-con-full e-flex e-con e-child\" data-id=\"e272b2c\" data-element_type=\"container\" data-e-type=\"container\" data-settings=\"{&quot;jet_parallax_layout_list&quot;:[]}\">\n\t\t\t\t<div class=\"elementor-element elementor-element-e83d2c0 elementor-widget elementor-widget-image\" data-id=\"e83d2c0\" data-element_type=\"widget\" data-e-type=\"widget\" data-widget_type=\"image.default\">\n\t\t\t\t<div class=\"elementor-widget-container\">\n\t\t\t\t\t\t\t\t\t\t\t\t\t\t\t<img decoding=\"async\" width=\"874\" height=\"294\" src=\"https:\/\/2.smart-tourism-project.eu\/wp-content\/uploads\/2024\/09\/Green-Village_LOGO_transparente-1.png\" class=\"attachment-full size-full wp-image-587\" alt=\"\" srcset=\"https:\/\/2.smart-tourism-project.eu\/wp-content\/uploads\/2024\/09\/Green-Village_LOGO_transparente-1.png 874w, https:\/\/2.smart-tourism-project.eu\/wp-content\/uploads\/2024\/09\/Green-Village_LOGO_transparente-1-300x101.png 300w, https:\/\/2.smart-tourism-project.eu\/wp-content\/uploads\/2024\/09\/Green-Village_LOGO_transparente-1-768x258.png 768w\" sizes=\"(max-width: 874px) 100vw, 874px\" \/>\t\t\t\t\t\t\t\t\t\t\t\t\t\t\t<\/div>\n\t\t\t\t<\/div>\n\t\t\t\t<div class=\"elementor-element elementor-element-099bc40 elementor-shape-rounded elementor-grid-0 e-grid-align-center elementor-widget elementor-widget-social-icons\" data-id=\"099bc40\" data-element_type=\"widget\" data-e-type=\"widget\" data-widget_type=\"social-icons.default\">\n\t\t\t\t<div class=\"elementor-widget-container\">\n\t\t\t\t\t\t\t<div class=\"elementor-social-icons-wrapper elementor-grid\" role=\"list\">\n\t\t\t\t\t\t\t<span class=\"elementor-grid-item\" role=\"listitem\">\n\t\t\t\t\t<a class=\"elementor-icon elementor-social-icon elementor-social-icon-facebook-f elementor-animation-grow elementor-repeater-item-21b9e40\" href=\"https:\/\/www.facebook.com\/greenvillage.gr\/\" target=\"_blank\">\n\t\t\t\t\t\t<span class=\"elementor-screen-only\">Facebook-f<\/span>\n\t\t\t\t\t\t<i aria-hidden=\"true\" class=\"fab fa-facebook-f\"><\/i>\t\t\t\t\t<\/a>\n\t\t\t\t<\/span>\n\t\t\t\t\t\t\t<span class=\"elementor-grid-item\" role=\"listitem\">\n\t\t\t\t\t<a class=\"elementor-icon elementor-social-icon elementor-social-icon-linkedin-in elementor-animation-grow elementor-repeater-item-650248f\" href=\"https:\/\/www.linkedin.com\/company\/green-village-hotel?original_referer=https%3A%2F%2Fsmart-tourism-project.eu%2F\" target=\"_blank\">\n\t\t\t\t\t\t<span class=\"elementor-screen-only\">Linkedin-in<\/span>\n\t\t\t\t\t\t<i aria-hidden=\"true\" class=\"fab fa-linkedin-in\"><\/i>\t\t\t\t\t<\/a>\n\t\t\t\t<\/span>\n\t\t\t\t\t\t\t<span class=\"elementor-grid-item\" role=\"listitem\">\n\t\t\t\t\t<a class=\"elementor-icon elementor-social-icon elementor-social-icon-globe elementor-animation-grow elementor-repeater-item-e80448f\" href=\"http:\/\/www.greenvillage.gr\/\" target=\"_blank\">\n\t\t\t\t\t\t<span class=\"elementor-screen-only\">Globe<\/span>\n\t\t\t\t\t\t<i aria-hidden=\"true\" class=\"fas fa-globe\"><\/i>\t\t\t\t\t<\/a>\n\t\t\t\t<\/span>\n\t\t\t\t\t<\/div>\n\t\t\t\t\t\t<\/div>\n\t\t\t\t<\/div>\n\t\t\t\t<\/div>\n\t\t<div class=\"elementor-element elementor-element-70aea52 e-con-full e-flex e-con e-child\" data-id=\"70aea52\" data-element_type=\"container\" data-e-type=\"container\" data-settings=\"{&quot;jet_parallax_layout_list&quot;:[]}\">\n\t\t\t\t<div class=\"elementor-element elementor-element-883cc3e elementor-widget elementor-widget-heading\" data-id=\"883cc3e\" data-element_type=\"widget\" data-e-type=\"widget\" data-widget_type=\"heading.default\">\n\t\t\t\t<div class=\"elementor-widget-container\">\n\t\t\t\t\t<h2 class=\"elementor-heading-title elementor-size-default\">GREEN VILLAGE<\/h2>\t\t\t\t<\/div>\n\t\t\t\t<\/div>\n\t\t\t\t<div class=\"elementor-element elementor-element-2902cba elementor-widget elementor-widget-text-editor\" data-id=\"2902cba\" data-element_type=\"widget\" data-e-type=\"widget\" data-widget_type=\"text-editor.default\">\n\t\t\t\t<div class=\"elementor-widget-container\">\n\t\t\t\t\t\t\t\t\t<p>Green Village est une PME touristique fond\u00e9e en 1994 dans la ville baln\u00e9aire de Xylokastro, dans le P\u00e9loponn\u00e8se. Elle offre une exp\u00e9rience d&rsquo;h\u00e9bergement communautarire puisqu&rsquo;elle se compose de 20 villas ind\u00e9pendantes situ\u00e9es dans un jardin m\u00e9dit\u00e9rran\u00e9en rempli de plantes et d&rsquo;arbres indig\u00e8nes et a accueilli des centaines de milliers d&rsquo;h\u00f4tes et de visiteurs. Outre les services touristiques habituels, GV s&rsquo;est toujours concentr\u00e9 sur l&rsquo;organisation d&rsquo;\u00e9venements et d&rsquo;initiatives li\u00e9s au d\u00e9veloppement r\u00e9gional durable, \u00e0 la culture, au renforcement de la communaut\u00e9 et \u00e0 l&rsquo;\u00e9ducation. Ces initiatives jouent un r\u00f4le important dans la vie culturelle de Xylokastro. Ces derni\u00e8res ann\u00e9es, l&rsquo;\u00e9quipe de direction de Green Village s&rsquo;est concentr\u00e9e sur la mise en oeuvre d&rsquo;approches, de formations et de pratiques de tourisme durable. La structure de l&rsquo;h\u00f4tel et sa marque offrent un grand potentiel d&rsquo;\u00e9volution et de transformation de GV en un centre de d\u00e9veloppement durable pour l&rsquo;ensemble de la r\u00e9gion.<\/p>\t\t\t\t\t\t\t\t<\/div>\n\t\t\t\t<\/div>\n\t\t\t\t<\/div>\n\t\t\t\t<\/div>\n\t\t\t\t<\/div>\n\t\t\t\t\t<\/div>\n\t\t\t\t<\/div>\n\t\t\t\t<\/div>\n\t\t<div class=\"elementor-element elementor-element-4d92f09 e-con-full e-flex e-con e-parent\" data-id=\"4d92f09\" data-element_type=\"container\" data-e-type=\"container\" data-settings=\"{&quot;background_background&quot;:&quot;classic&quot;,&quot;jet_parallax_layout_list&quot;:[]}\">\n\t\t<div class=\"elementor-element elementor-element-4384c72 e-flex e-con-boxed e-con e-child\" data-id=\"4384c72\" data-element_type=\"container\" data-e-type=\"container\" data-settings=\"{&quot;jet_parallax_layout_list&quot;:[]}\">\n\t\t\t\t\t<div class=\"e-con-inner\">\n\t\t\t\t<div class=\"elementor-element elementor-element-ff835ef elementor-view-default elementor-widget elementor-widget-icon\" data-id=\"ff835ef\" data-element_type=\"widget\" data-e-type=\"widget\" data-widget_type=\"icon.default\">\n\t\t\t\t<div class=\"elementor-widget-container\">\n\t\t\t\t\t\t\t<div class=\"elementor-icon-wrapper\">\n\t\t\t<div class=\"elementor-icon\">\n\t\t\t<i aria-hidden=\"true\" class=\"fas fa-plus\"><\/i>\t\t\t<\/div>\n\t\t<\/div>\n\t\t\t\t\t\t<\/div>\n\t\t\t\t<\/div>\n\t\t\t\t\t<\/div>\n\t\t\t\t<\/div>\n\t\t<div class=\"elementor-element elementor-element-5c08b3a e-con-full e-flex e-con e-child\" data-id=\"5c08b3a\" data-element_type=\"container\" data-e-type=\"container\" data-settings=\"{&quot;jet_parallax_layout_list&quot;:[]}\">\n\t\t\t\t<div class=\"elementor-element elementor-element-1688389 elementor-widget elementor-widget-image\" data-id=\"1688389\" data-element_type=\"widget\" data-e-type=\"widget\" data-widget_type=\"image.default\">\n\t\t\t\t<div class=\"elementor-widget-container\">\n\t\t\t\t\t\t\t\t\t\t\t\t\t\t\t<img loading=\"lazy\" decoding=\"async\" width=\"1723\" height=\"1002\" src=\"https:\/\/2.smart-tourism-project.eu\/wp-content\/uploads\/2024\/08\/background-iconos.png\" class=\"attachment-full size-full wp-image-575\" alt=\"\" srcset=\"https:\/\/2.smart-tourism-project.eu\/wp-content\/uploads\/2024\/08\/background-iconos.png 1723w, https:\/\/2.smart-tourism-project.eu\/wp-content\/uploads\/2024\/08\/background-iconos-300x174.png 300w, https:\/\/2.smart-tourism-project.eu\/wp-content\/uploads\/2024\/08\/background-iconos-1024x596.png 1024w, https:\/\/2.smart-tourism-project.eu\/wp-content\/uploads\/2024\/08\/background-iconos-768x447.png 768w, https:\/\/2.smart-tourism-project.eu\/wp-content\/uploads\/2024\/08\/background-iconos-1536x893.png 1536w\" sizes=\"(max-width: 1723px) 100vw, 1723px\" \/>\t\t\t\t\t\t\t\t\t\t\t\t\t\t\t<\/div>\n\t\t\t\t<\/div>\n\t\t\t\t<div class=\"elementor-element elementor-element-1347fa7 elementor-hidden-tablet elementor-hidden-mobile elementor-widget elementor-widget-image\" data-id=\"1347fa7\" data-element_type=\"widget\" data-e-type=\"widget\" data-widget_type=\"image.default\">\n\t\t\t\t<div class=\"elementor-widget-container\">\n\t\t\t\t\t\t\t\t\t\t\t\t\t\t\t<img loading=\"lazy\" decoding=\"async\" width=\"1723\" height=\"1002\" src=\"https:\/\/2.smart-tourism-project.eu\/wp-content\/uploads\/2024\/08\/background-iconos.png\" class=\"attachment-full size-full wp-image-575\" alt=\"\" srcset=\"https:\/\/2.smart-tourism-project.eu\/wp-content\/uploads\/2024\/08\/background-iconos.png 1723w, https:\/\/2.smart-tourism-project.eu\/wp-content\/uploads\/2024\/08\/background-iconos-300x174.png 300w, https:\/\/2.smart-tourism-project.eu\/wp-content\/uploads\/2024\/08\/background-iconos-1024x596.png 1024w, https:\/\/2.smart-tourism-project.eu\/wp-content\/uploads\/2024\/08\/background-iconos-768x447.png 768w, https:\/\/2.smart-tourism-project.eu\/wp-content\/uploads\/2024\/08\/background-iconos-1536x893.png 1536w\" sizes=\"(max-width: 1723px) 100vw, 1723px\" \/>\t\t\t\t\t\t\t\t\t\t\t\t\t\t\t<\/div>\n\t\t\t\t<\/div>\n\t\t\t\t<\/div>\n\t\t\t\t<\/div>\n\t\t\t\t<\/div>\n\t\t","protected":false},"excerpt":{"rendered":"<p>Partenaires Linkedin-in Twitter Instagram Globe EURAKOM EURAKOM travaille dans de nombreux secteurs avec un large \u00e9ventail d&rsquo;autorit\u00e9s publiques, d&rsquo;entreprises priv\u00e9es et d&rsquo;organisations, pour accompagner leurs projets et initiatives, du concept \u00e0 la mise en oeuvre, mais aussi en fournissant une expertise th\u00e9matique dans les domaines du tourisme durable et de l&rsquo;h\u00f4tellerie. Pour les projets et [&hellip;]<\/p>\n","protected":false},"author":3,"featured_media":0,"parent":0,"menu_order":0,"comment_status":"closed","ping_status":"closed","template":"","meta":{"footnotes":""},"class_list":["post-1290","page","type-page","status-publish","hentry"],"_links":{"self":[{"href":"https:\/\/2.smart-tourism-project.eu\/fr\/wp-json\/wp\/v2\/pages\/1290","targetHints":{"allow":["GET"]}}],"collection":[{"href":"https:\/\/2.smart-tourism-project.eu\/fr\/wp-json\/wp\/v2\/pages"}],"about":[{"href":"https:\/\/2.smart-tourism-project.eu\/fr\/wp-json\/wp\/v2\/types\/page"}],"author":[{"embeddable":true,"href":"https:\/\/2.smart-tourism-project.eu\/fr\/wp-json\/wp\/v2\/users\/3"}],"replies":[{"embeddable":true,"href":"https:\/\/2.smart-tourism-project.eu\/fr\/wp-json\/wp\/v2\/comments?post=1290"}],"version-history":[{"count":4,"href":"https:\/\/2.smart-tourism-project.eu\/fr\/wp-json\/wp\/v2\/pages\/1290\/revisions"}],"predecessor-version":[{"id":1353,"href":"https:\/\/2.smart-tourism-project.eu\/fr\/wp-json\/wp\/v2\/pages\/1290\/revisions\/1353"}],"wp:attachment":[{"href":"https:\/\/2.smart-tourism-project.eu\/fr\/wp-json\/wp\/v2\/media?parent=1290"}],"curies":[{"name":"wp","href":"https:\/\/api.w.org\/{rel}","templated":true}]}}